{"id":140,"date":"2012-08-15T11:47:44","date_gmt":"2012-08-15T09:47:44","guid":{"rendered":"http:\/\/2012.stephanie-booth.com\/?page_id=140"},"modified":"2016-02-03T10:07:44","modified_gmt":"2016-02-03T10:07:44","slug":"training","status":"publish","type":"page","link":"https:\/\/sb2013.spirolattic.net\/en\/training\/","title":{"rendered":"Training"},"content":{"rendered":"<p>J&#8217;interviens r\u00e9guli\u00e8rement comme formatrice, tant au sein de la formation de <a href=\"http:\/\/formation-mscl.ch\/\">Sp\u00e9cialiste en m\u00e9dias sociaux et communaut\u00e9s en ligne<\/a> au <a href=\"sawi.com\/fr\/nos-formations\/formations-specifiques-sawi\/specialiste-en-medias-sociaux-et-communautes-en-ligne\/\">SAWI<\/a>, \u00e0 Lausanne, que je codirige, que dans des <a href=\"\/?page_id=72\">entreprises<\/a> ou <a href=\"\/?page_id=371\">organismes de formation<\/a>.<\/p>\n<p>J&#8217;offre \u00e9galement des formations individuelles aux <a href=\"\/?page_id=392\">cadres et dirigeants d&#8217;entreprise<\/a> ainsi qu&#8217;aux <a href=\"\/?page_id=74\">ind\u00e9pendants<\/a>, \u00e0 qui je propose une approche qui combine formation et consulting.<\/p>\n<p>En tant que formatrice, je suis reconnue pour ma patience, mon sens p\u00e9dagogique et ma sensibilit\u00e9 aux besoins particuliers des participants \u00e0 mes cours.<\/p>\n","protected":false},"excerpt":{"rendered":"<p>J&#8217;interviens r\u00e9guli\u00e8rement comme formatrice, tant au sein de la formation de Sp\u00e9cialiste en m\u00e9dias sociaux et communaut\u00e9s en ligne au SAWI, \u00e0 Lausanne, que je codirige, que dans des entreprises ou organismes de formation. J&#8217;offre \u00e9galement des formations individuelles aux &hellip; <a href=\"https:\/\/sb2013.spirolattic.net\/en\/training\/\">Continue reading <span class=\"meta-nav\">&rarr;<\/span><\/a><\/p>\n","protected":false},"author":1,"featured_media":0,"parent":0,"menu_order":0,"comment_status":"closed","ping_status":"open","template":"","meta":{"footnotes":""},"class_list":["post-140","page","type-page","status-publish","hentry"],"_links":{"self":[{"href":"https:\/\/sb2013.spirolattic.net\/en\/wp-json\/wp\/v2\/pages\/140","targetHints":{"allow":["GET"]}}],"collection":[{"href":"https:\/\/sb2013.spirolattic.net\/en\/wp-json\/wp\/v2\/pages"}],"about":[{"href":"https:\/\/sb2013.spirolattic.net\/en\/wp-json\/wp\/v2\/types\/page"}],"author":[{"embeddable":true,"href":"https:\/\/sb2013.spirolattic.net\/en\/wp-json\/wp\/v2\/users\/1"}],"replies":[{"embeddable":true,"href":"https:\/\/sb2013.spirolattic.net\/en\/wp-json\/wp\/v2\/comments?post=140"}],"version-history":[{"count":1,"href":"https:\/\/sb2013.spirolattic.net\/en\/wp-json\/wp\/v2\/pages\/140\/revisions"}],"predecessor-version":[{"id":505,"href":"https:\/\/sb2013.spirolattic.net\/en\/wp-json\/wp\/v2\/pages\/140\/revisions\/505"}],"wp:attachment":[{"href":"https:\/\/sb2013.spirolattic.net\/en\/wp-json\/wp\/v2\/media?parent=140"}],"curies":[{"name":"wp","href":"https:\/\/api.w.org\/{rel}","templated":true}]}}